{"id":6440,"date":"2019-10-23T12:28:31","date_gmt":"2019-10-23T12:28:31","guid":{"rendered":"https:\/\/sktthemesdemo.net\/medical\/?page_id=66"},"modified":"2025-10-01T08:59:02","modified_gmt":"2025-10-01T08:59:02","slug":"about-us","status":"publish","type":"page","link":"https:\/\/afusion.ai\/vi\/about-us\/","title":{"rendered":"V\u1ec1 Ch\u00fang T\u00f4i"},"content":{"rendered":"<div data-elementor-type=\"wp-page\" data-elementor-id=\"6440\" class=\"elementor elementor-6440\">\n\t\t\t\t<div class=\"elementor-element elementor-element-683db58 case-study-banner e-flex e-con-boxed e-con e-parent\" data-id=\"683db58\" data-element_type=\"container\" data-settings=\"{&quot;background_background&quot;:&quot;classic&quot;,&quot;_ha_eqh_enable&quot;:false}\">\n\t\t\t\t\t<div class=\"e-con-inner\">\n\t\t\t\t<div class=\"elementor-element elementor-element-cfb826c elementor-invisible elementor-widget elementor-widget-heading\" data-id=\"cfb826c\" data-element_type=\"widget\" data-settings=\"{&quot;_animation&quot;:&quot;fadeInUp&quot;}\" data-widget_type=\"heading.default\">\n\t\t\t\t<div class=\"elementor-widget-container\">\n\t\t\t<style>\/*! elementor - v3.21.0 - 26-05-2024 *\/\n.elementor-heading-title{padding:0;margin:0;line-height:1}.elementor-widget-heading .elementor-heading-title[class*=elementor-size-]>a{color:inherit;font-size:inherit;line-height:inherit}.elementor-widget-heading .elementor-heading-title.elementor-size-small{font-size:15px}.elementor-widget-heading .elementor-heading-title.elementor-size-medium{font-size:19px}.elementor-widget-heading .elementor-heading-title.elementor-size-large{font-size:29px}.elementor-widget-heading .elementor-heading-title.elementor-size-xl{font-size:39px}.elementor-widget-heading .elementor-heading-title.elementor-size-xxl{font-size:59px}<\/style><h1 class=\"elementor-heading-title elementor-size-default\">V\u1ec1 Ch\u00fang T\u00f4i<\/h1>\t\t<\/div>\n\t\t\t\t<\/div>\n\t\t\t\t<div class=\"elementor-element elementor-element-17f57f6 elementor-invisible elementor-widget elementor-widget-heading\" data-id=\"17f57f6\" data-element_type=\"widget\" data-settings=\"{&quot;_animation&quot;:&quot;fadeInUp&quot;}\" data-widget_type=\"heading.default\">\n\t\t\t\t<div class=\"elementor-widget-container\">\n\t\t\t<h5 class=\"elementor-heading-title elementor-size-default\">S\u00e1ng t\u1ea1o, \u0111em l\u1ea1i gi\u00e1 tr\u1ecb b\u1ec1n v\u1eefng cho doanh nghi\u1ec7p v\u00e0 ng\u00e0nh c\u00f4ng ngh\u1ec7 v\u1edbi gi\u1ea3i ph\u00e1p c\u00f4ng ngh\u1ec7 \u0111\u1ed9t ph\u00e1 l\u00e0 s\u1ee9 m\u1ec7nh c\u1ee7a ch\u00fang t\u00f4i.<\/h5>\t\t<\/div>\n\t\t\t\t<\/div>\n\t\t\t\t\t<\/div>\n\t\t\t\t<\/div>\n\t\t<div class=\"elementor-element elementor-element-e7ef5bf e-flex e-con-boxed elementor-invisible e-con e-parent\" data-id=\"e7ef5bf\" data-element_type=\"container\" data-settings=\"{&quot;animation&quot;:&quot;fadeInUp&quot;,&quot;_ha_eqh_enable&quot;:false}\">\n\t\t\t\t\t<div class=\"e-con-inner\">\n\t\t\t\t<div class=\"elementor-element elementor-element-23ee035 elementor-widget elementor-widget-image\" data-id=\"23ee035\" data-element_type=\"widget\" data-widget_type=\"image.default\">\n\t\t\t\t<div class=\"elementor-widget-container\">\n\t\t\t<style>\/*! elementor - v3.21.0 - 26-05-2024 *\/\n.elementor-widget-image{text-align:center}.elementor-widget-image a{display:inline-block}.elementor-widget-image a img[src$=\".svg\"]{width:48px}.elementor-widget-image img{vertical-align:middle;display:inline-block}<\/style>\t\t\t\t\t\t\t\t\t\t<img fetchpriority=\"high\" decoding=\"async\" width=\"3001\" height=\"1001\" src=\"https:\/\/afusion.ai\/wp-content\/uploads\/2024\/06\/AFusion-Logo-GREEN.png\" class=\"attachment-full size-full wp-image-2951\" alt=\"AFusion Logo\" srcset=\"https:\/\/afusion.ai\/wp-content\/uploads\/2024\/06\/AFusion-Logo-GREEN.png 3001w, https:\/\/afusion.ai\/wp-content\/uploads\/2024\/06\/AFusion-Logo-GREEN-300x100.png 300w, https:\/\/afusion.ai\/wp-content\/uploads\/2024\/06\/AFusion-Logo-GREEN-1024x342.png 1024w, https:\/\/afusion.ai\/wp-content\/uploads\/2024\/06\/AFusion-Logo-GREEN-768x256.png 768w, https:\/\/afusion.ai\/wp-content\/uploads\/2024\/06\/AFusion-Logo-GREEN-1536x512.png 1536w, https:\/\/afusion.ai\/wp-content\/uploads\/2024\/06\/AFusion-Logo-GREEN-2048x683.png 2048w, https:\/\/afusion.ai\/wp-content\/uploads\/2024\/06\/AFusion-Logo-GREEN-18x6.png 18w\" sizes=\"(max-width: 3001px) 100vw, 3001px\" \/>\t\t\t\t\t\t\t\t\t\t\t\t\t<\/div>\n\t\t\t\t<\/div>\n\t\t\t\t<div class=\"elementor-element elementor-element-57b3a92 elementor-invisible elementor-widget elementor-widget-heading\" data-id=\"57b3a92\" data-element_type=\"widget\" data-settings=\"{&quot;_animation&quot;:&quot;fadeInUp&quot;}\" data-widget_type=\"heading.default\">\n\t\t\t\t<div class=\"elementor-widget-container\">\n\t\t\t<h5 class=\"elementor-heading-title elementor-size-default\"><a href=\"https:\/\/imt-soft.com\/en\/\">M\u1ed9t s\u1ea3n ph\u1ea9m c\u1ee7a IMT Solutions<\/a><\/h5>\t\t<\/div>\n\t\t\t\t<\/div>\n\t\t\t\t<div class=\"elementor-element elementor-element-4745686 elementor-invisible elementor-widget elementor-widget-text-editor\" data-id=\"4745686\" data-element_type=\"widget\" data-settings=\"{&quot;_animation&quot;:&quot;fadeInUp&quot;}\" data-widget_type=\"text-editor.default\">\n\t\t\t\t<div class=\"elementor-widget-container\">\n\t\t\t<style>\/*! elementor - v3.21.0 - 26-05-2024 *\/\n.elementor-widget-text-editor.elementor-drop-cap-view-stacked .elementor-drop-cap{background-color:#69727d;color:#fff}.elementor-widget-text-editor.elementor-drop-cap-view-framed .elementor-drop-cap{color:#69727d;border:3px solid;background-color:transparent}.elementor-widget-text-editor:not(.elementor-drop-cap-view-default) .elementor-drop-cap{margin-top:8px}.elementor-widget-text-editor:not(.elementor-drop-cap-view-default) .elementor-drop-cap-letter{width:1em;height:1em}.elementor-widget-text-editor .elementor-drop-cap{float:left;text-align:center;line-height:1;font-size:50px}.elementor-widget-text-editor .elementor-drop-cap-letter{display:inline-block}<\/style>\t\t\t\t<p><span style=\"font-weight: 400;\">AFusion - gi\u1ea3i ph\u00e1p ti\u00ean phong \u0111\u1ed5i m\u1edbi trong l\u0129nh v\u1ef1c t\u1ef1 \u0111\u1ed9ng h\u00f3a quy tr\u00ecnh b\u1eb1ng robot cho doanh nghi\u1ec7p, cung c\u1ea5p n\u1ec1n t\u1ea3ng t\u00edch h\u1ee3p duy nh\u1ea5t tr\u00ean th\u1ecb tr\u01b0\u1eddng, bao g\u1ed3m Si\u00eau t\u1ef1 \u0111\u1ed9ng h\u00f3a (Hyper Automation) v\u00e0 X\u1eed l\u00fd t\u00e0i li\u1ec7u th\u00f4ng minh (Intelligent Document Process - IDP).<\/span><\/p><p><span style=\"font-weight: 400;\">\u0110\u01b0\u1ee3c h\u1ed7 tr\u1ee3 b\u1edfi c\u00f4ng ngh\u1ec7 ti\u00ean ti\u1ebfn v\u00e0 ki\u1ebfn tr\u00fac h\u1ec7 th\u1ed1ng m\u1edf r\u1ed9ng, AFusion mang \u0111\u1ebfn s\u1ef1 \u0111\u01a1n gi\u1ea3n trong tri\u1ec3n khai v\u00e0 v\u1eadn h\u00e0nh, s\u1ef1 th\u00f4ng minh v\u00e0 ch\u00ednh x\u00e1c trong t\u1ef1 \u0111\u1ed9ng h\u00f3a, c\u00f9ng hi\u1ec7u qu\u1ea3 \u0111\u1ea7u t\u01b0 trong chuy\u1ec3n \u0111\u1ed5i s\u1ed1 cho doanh nghi\u1ec7p.<\/span><\/p>\t\t\t\t\t\t<\/div>\n\t\t\t\t<\/div>\n\t\t\t\t\t<\/div>\n\t\t\t\t<\/div>\n\t\t<div class=\"elementor-element elementor-element-82b1e13 e-flex e-con-boxed elementor-invisible e-con e-parent\" data-id=\"82b1e13\" data-element_type=\"container\" data-settings=\"{&quot;background_background&quot;:&quot;classic&quot;,&quot;animation&quot;:&quot;fadeInRight&quot;,&quot;_ha_eqh_enable&quot;:false}\">\n\t\t\t\t\t<div class=\"e-con-inner\">\n\t\t<div class=\"elementor-element elementor-element-44b82e8 e-con-full e-flex e-con e-child\" data-id=\"44b82e8\" data-element_type=\"container\" data-settings=\"{&quot;background_background&quot;:&quot;classic&quot;,&quot;_ha_eqh_enable&quot;:false}\">\n\t\t\t\t<div class=\"elementor-element elementor-element-b4015ee elementor-widget elementor-widget-image\" data-id=\"b4015ee\" data-element_type=\"widget\" data-widget_type=\"image.default\">\n\t\t\t\t<div class=\"elementor-widget-container\">\n\t\t\t\t\t\t\t\t\t\t\t\t\t<img decoding=\"async\" width=\"1000\" height=\"1000\" src=\"https:\/\/afusion.ai\/wp-content\/uploads\/2024\/06\/goal-concept-illustration.png\" class=\"attachment-full size-full wp-image-2838\" alt=\"AFusion boost business\" srcset=\"https:\/\/afusion.ai\/wp-content\/uploads\/2024\/06\/goal-concept-illustration.png 1000w, https:\/\/afusion.ai\/wp-content\/uploads\/2024\/06\/goal-concept-illustration-300x300.png 300w, https:\/\/afusion.ai\/wp-content\/uploads\/2024\/06\/goal-concept-illustration-150x150.png 150w, https:\/\/afusion.ai\/wp-content\/uploads\/2024\/06\/goal-concept-illustration-768x768.png 768w, https:\/\/afusion.ai\/wp-content\/uploads\/2024\/06\/goal-concept-illustration-12x12.png 12w\" sizes=\"(max-width: 1000px) 100vw, 1000px\" \/>\t\t\t\t\t\t\t\t\t\t\t\t\t<\/div>\n\t\t\t\t<\/div>\n\t\t\t\t<\/div>\n\t\t<div class=\"elementor-element elementor-element-481d6d7 e-con-full e-flex e-con e-child\" data-id=\"481d6d7\" data-element_type=\"container\" data-settings=\"{&quot;background_background&quot;:&quot;classic&quot;,&quot;_ha_eqh_enable&quot;:false}\">\n\t\t\t\t<div class=\"elementor-element elementor-element-504e155 elementor-widget elementor-widget-heading\" data-id=\"504e155\" data-element_type=\"widget\" data-widget_type=\"heading.default\">\n\t\t\t\t<div class=\"elementor-widget-container\">\n\t\t\t<h2 class=\"elementor-heading-title elementor-size-default\">Afusion Hi\u1ec3u R\u00f5 Nhu C\u1ea7u V\u00e0 Th\u00e1ch Th\u1ee9c C\u1ee7a Doanh Nghi\u1ec7p<\/h2>\t\t<\/div>\n\t\t\t\t<\/div>\n\t\t\t\t<div class=\"elementor-element elementor-element-11480e1 elementor-widget elementor-widget-text-editor\" data-id=\"11480e1\" data-element_type=\"widget\" data-widget_type=\"text-editor.default\">\n\t\t\t\t<div class=\"elementor-widget-container\">\n\t\t\t\t\t\t\t<p><span style=\"font-weight: 400;\">AI \u0111ang c\u00e1ch m\u1ea1ng h\u00f3a ho\u1ea1t \u0111\u1ed9ng doanh nghi\u1ec7p, v\u1edbi 70% nhi\u1ec7m v\u1ee5 c\u00f3 th\u1ec3 t\u1ef1 \u0111\u1ed9ng h\u00f3a \u0111em l\u1ea1i hi\u1ec7u qu\u1ea3 chi ph\u00ed t\u1ed1i \u01b0u. Tuy nhi\u00ean, nhi\u1ec1u doanh nghi\u1ec7p kh\u00f4ng nh\u1eadn ra c\u01a1 h\u1ed9i \u1ee9ng d\u1ee5ng t\u1ef1 \u0111\u1ed9ng h\u00f3a v\u00e0o quy tr\u00ecnh c\u1ee7a m\u00ecnh - l\u00e0m \u0111\u00e1nh m\u1ea5t l\u1ee3i th\u1ebf c\u1ea1nh tranh hi\u1ec7u qu\u1ea3. AFusion s\u1eb5n s\u00e0ng h\u1ed7 tr\u1ee3 b\u1ea1n, h\u00e3y li\u00ean h\u1ec7 ngay \u0111\u1ec3 kh\u00f4ng b\u1ecf l\u1ee1 c\u01a1 h\u1ed9i nh\u1eadn t\u01b0 v\u1ea5n AI mi\u1ec5n ph\u00ed!<\/span><\/p>\t\t\t\t\t\t<\/div>\n\t\t\t\t<\/div>\n\t\t\t\t<\/div>\n\t\t\t\t\t<\/div>\n\t\t\t\t<\/div>\n\t\t<div class=\"elementor-element elementor-element-e5ae4da e-flex e-con-boxed elementor-invisible e-con e-parent\" data-id=\"e5ae4da\" data-element_type=\"container\" data-settings=\"{&quot;background_background&quot;:&quot;classic&quot;,&quot;animation&quot;:&quot;fadeInLeft&quot;,&quot;_ha_eqh_enable&quot;:false}\">\n\t\t\t\t\t<div class=\"e-con-inner\">\n\t\t<div class=\"elementor-element elementor-element-9971af0 e-con-full e-flex e-con e-child\" data-id=\"9971af0\" data-element_type=\"container\" data-settings=\"{&quot;background_background&quot;:&quot;classic&quot;,&quot;_ha_eqh_enable&quot;:false}\">\n\t\t\t\t<div class=\"elementor-element elementor-element-54095e5 elementor-widget elementor-widget-heading\" data-id=\"54095e5\" data-element_type=\"widget\" data-widget_type=\"heading.default\">\n\t\t\t\t<div class=\"elementor-widget-container\">\n\t\t\t<h2 class=\"elementor-heading-title elementor-size-default\">T\u1eeb Th\u1ee7 C\u00f4ng \u0110\u1ebfn T\u1ef1 \u0110\u1ed9ng H\u00f3a<\/h2>\t\t<\/div>\n\t\t\t\t<\/div>\n\t\t\t\t<div class=\"elementor-element elementor-element-463d251 elementor-widget elementor-widget-text-editor\" data-id=\"463d251\" data-element_type=\"widget\" data-widget_type=\"text-editor.default\">\n\t\t\t\t<div class=\"elementor-widget-container\">\n\t\t\t\t\t\t\t<p><span style=\"font-weight: 400;\">Ch\u00fang t\u00f4i chuy\u00ean x\u1eed l\u00fd h\u00f3a \u0111\u01a1n v\u00e0 t\u1ef1 \u0111\u1ed9ng h\u00f3a th\u1ee7 t\u1ee5c gi\u1ea5y t\u1edd, gi\u1ea3i ph\u00f3ng th\u1eddi gian v\u00e0 ngu\u1ed3n l\u1ef1c qu\u00fd gi\u00e1 cho c\u00e1c doanh nghi\u1ec7p.\u00a0<\/span><\/p><p><span style=\"font-weight: 400;\">V\u1edbi kinh nghi\u1ec7m h\u1ee3p t\u00e1c c\u00f9ng c\u00f4ng ty trong v\u00e0 ngo\u00e0i n\u01b0\u1edbc c\u00f9ng ch\u1ee9ng nh\u1eadn ISO 27001, \u0111\u1ed9i ng\u0169 AFusion \u0111\u1ea3m b\u1ea3o s\u1ebd \u0111em \u0111\u1ebfn gi\u1ea3i ph\u00e1p c\u00f3 k\u1ebft qu\u1ea3 t\u1ed1t nh\u1ea5t v\u1edbi gi\u00e1 c\u1ea3 ph\u00f9 h\u1ee3p, an to\u00e0n v\u00e0 b\u1ea3o m\u1eadt cho d\u1eef li\u1ec7u c\u1ee7a b\u1ea1n.<\/span><\/p>\t\t\t\t\t\t<\/div>\n\t\t\t\t<\/div>\n\t\t\t\t<\/div>\n\t\t<div class=\"elementor-element elementor-element-d960f59 e-con-full e-flex e-con e-child\" data-id=\"d960f59\" data-element_type=\"container\" data-settings=\"{&quot;background_background&quot;:&quot;classic&quot;,&quot;_ha_eqh_enable&quot;:false}\">\n\t\t\t\t<div class=\"elementor-element elementor-element-c6cb32b elementor-widget elementor-widget-image\" data-id=\"c6cb32b\" data-element_type=\"widget\" data-widget_type=\"image.default\">\n\t\t\t\t<div class=\"elementor-widget-container\">\n\t\t\t\t\t\t\t\t\t\t\t\t\t<img decoding=\"async\" width=\"1000\" height=\"667\" src=\"https:\/\/afusion.ai\/wp-content\/uploads\/2024\/06\/data-extraction-concept-illustration.png\" class=\"attachment-large size-large wp-image-2839\" alt=\"Automation workflow\" srcset=\"https:\/\/afusion.ai\/wp-content\/uploads\/2024\/06\/data-extraction-concept-illustration.png 1000w, https:\/\/afusion.ai\/wp-content\/uploads\/2024\/06\/data-extraction-concept-illustration-300x200.png 300w, https:\/\/afusion.ai\/wp-content\/uploads\/2024\/06\/data-extraction-concept-illustration-768x512.png 768w, https:\/\/afusion.ai\/wp-content\/uploads\/2024\/06\/data-extraction-concept-illustration-18x12.png 18w\" sizes=\"(max-width: 1000px) 100vw, 1000px\" \/>\t\t\t\t\t\t\t\t\t\t\t\t\t<\/div>\n\t\t\t\t<\/div>\n\t\t\t\t<\/div>\n\t\t\t\t\t<\/div>\n\t\t\t\t<\/div>\n\t\t\t\t<\/div>","protected":false},"excerpt":{"rendered":"<p>About Us Discover our journey, mission, and the guiding principles behind our transformative technology solutions. A subsidiary of IMT Solutions AFusion is a next generation innovator in enterprise robotic process automation, offering the only unified platform on the market which encompasses Hyper Automation and Intelligent Document Process (IDP). Powered by advanced technology and an extensible<br \/><a class=\"moretag\" href=\"https:\/\/afusion.ai\/vi\/about-us\/\">+ Read More<\/a><\/p>","protected":false},"author":1,"featured_media":0,"parent":0,"menu_order":0,"comment_status":"closed","ping_status":"closed","template":"elementor_header_footer","meta":{"footnotes":""},"yoast_head":"<!-- This site is optimized with the Yoast SEO plugin v22.8 - https:\/\/yoast.com\/wordpress\/plugins\/seo\/ -->\n<title>About Us - afusion<\/title>\n<meta name=\"robots\" content=\"index, follow, max-snippet:-1, max-image-preview:large, max-video-preview:-1\" \/>\n<link rel=\"canonical\" href=\"https:\/\/afusion.ai\/vi\/about-us\/\" \/>\n<meta property=\"og:locale\" content=\"vi_VN\" \/>\n<meta property=\"og:type\" content=\"article\" \/>\n<meta property=\"og:title\" content=\"About Us - afusion\" \/>\n<meta property=\"og:description\" content=\"About Us Discover our journey, mission, and the guiding principles behind our transformative technology solutions. A subsidiary of IMT Solutions AFusion is a next generation innovator in enterprise robotic process automation, offering the only unified platform on the market which encompasses Hyper Automation and Intelligent Document Process (IDP). Powered by advanced technology and an extensible+ Read More\" \/>\n<meta property=\"og:url\" content=\"https:\/\/afusion.ai\/vi\/about-us\/\" \/>\n<meta property=\"og:site_name\" content=\"afusion\" \/>\n<meta property=\"article:modified_time\" content=\"2025-10-01T08:59:02+00:00\" \/>\n<meta property=\"og:image\" content=\"https:\/\/afusion.ai\/wp-content\/uploads\/2024\/06\/AFusion-Logo-GREEN.png\" \/>\n<meta name=\"twitter:card\" content=\"summary_large_image\" \/>\n<meta name=\"twitter:label1\" content=\"\u01af\u1edbc t\u00ednh th\u1eddi gian \u0111\u1ecdc\" \/>\n\t<meta name=\"twitter:data1\" content=\"2 ph\u00fat\" \/>\n<script type=\"application\/ld+json\" class=\"yoast-schema-graph\">{\"@context\":\"https:\/\/schema.org\",\"@graph\":[{\"@type\":\"WebPage\",\"@id\":\"https:\/\/afusion.ai\/about-us\/\",\"url\":\"https:\/\/afusion.ai\/about-us\/\",\"name\":\"About Us - afusion\",\"isPartOf\":{\"@id\":\"https:\/\/afusion.ai\/en\/#website\"},\"primaryImageOfPage\":{\"@id\":\"https:\/\/afusion.ai\/about-us\/#primaryimage\"},\"image\":{\"@id\":\"https:\/\/afusion.ai\/about-us\/#primaryimage\"},\"thumbnailUrl\":\"https:\/\/afusion.ai\/wp-content\/uploads\/2024\/06\/AFusion-Logo-GREEN.png\",\"datePublished\":\"2019-10-23T12:28:31+00:00\",\"dateModified\":\"2025-10-01T08:59:02+00:00\",\"breadcrumb\":{\"@id\":\"https:\/\/afusion.ai\/about-us\/#breadcrumb\"},\"inLanguage\":\"vi\",\"potentialAction\":[{\"@type\":\"ReadAction\",\"target\":[\"https:\/\/afusion.ai\/about-us\/\"]}]},{\"@type\":\"ImageObject\",\"inLanguage\":\"vi\",\"@id\":\"https:\/\/afusion.ai\/about-us\/#primaryimage\",\"url\":\"https:\/\/afusion.ai\/wp-content\/uploads\/2024\/06\/AFusion-Logo-GREEN.png\",\"contentUrl\":\"https:\/\/afusion.ai\/wp-content\/uploads\/2024\/06\/AFusion-Logo-GREEN.png\"},{\"@type\":\"BreadcrumbList\",\"@id\":\"https:\/\/afusion.ai\/about-us\/#breadcrumb\",\"itemListElement\":[{\"@type\":\"ListItem\",\"position\":1,\"name\":\"Home\",\"item\":\"https:\/\/afusion.ai\/\"},{\"@type\":\"ListItem\",\"position\":2,\"name\":\"About Us\"}]},{\"@type\":\"WebSite\",\"@id\":\"https:\/\/afusion.ai\/en\/#website\",\"url\":\"https:\/\/afusion.ai\/en\/\",\"name\":\"AFusion\",\"description\":\"\",\"publisher\":{\"@id\":\"https:\/\/afusion.ai\/en\/#organization\"},\"potentialAction\":[{\"@type\":\"SearchAction\",\"target\":{\"@type\":\"EntryPoint\",\"urlTemplate\":\"https:\/\/afusion.ai\/en\/?s={search_term_string}\"},\"query-input\":\"required name=search_term_string\"}],\"inLanguage\":\"vi\"},{\"@type\":\"Organization\",\"@id\":\"https:\/\/afusion.ai\/en\/#organization\",\"name\":\"AFusion\",\"url\":\"https:\/\/afusion.ai\/en\/\",\"logo\":{\"@type\":\"ImageObject\",\"inLanguage\":\"vi\",\"@id\":\"https:\/\/afusion.ai\/en\/#\/schema\/logo\/image\/\",\"url\":\"https:\/\/afusion.ai\/wp-content\/uploads\/2024\/07\/AFusion-Logo-WHITE.png\",\"contentUrl\":\"https:\/\/afusion.ai\/wp-content\/uploads\/2024\/07\/AFusion-Logo-WHITE.png\",\"width\":3001,\"height\":1001,\"caption\":\"AFusion\"},\"image\":{\"@id\":\"https:\/\/afusion.ai\/en\/#\/schema\/logo\/image\/\"}}]}<\/script>\n<!-- \/ Yoast SEO plugin. -->","yoast_head_json":{"title":"About Us - afusion","robots":{"index":"index","follow":"follow","max-snippet":"max-snippet:-1","max-image-preview":"max-image-preview:large","max-video-preview":"max-video-preview:-1"},"canonical":"https:\/\/afusion.ai\/vi\/about-us\/","og_locale":"vi_VN","og_type":"article","og_title":"About Us - afusion","og_description":"About Us Discover our journey, mission, and the guiding principles behind our transformative technology solutions. A subsidiary of IMT Solutions AFusion is a next generation innovator in enterprise robotic process automation, offering the only unified platform on the market which encompasses Hyper Automation and Intelligent Document Process (IDP). Powered by advanced technology and an extensible+ Read More","og_url":"https:\/\/afusion.ai\/vi\/about-us\/","og_site_name":"afusion","article_modified_time":"2025-10-01T08:59:02+00:00","og_image":[{"url":"https:\/\/afusion.ai\/wp-content\/uploads\/2024\/06\/AFusion-Logo-GREEN.png"}],"twitter_card":"summary_large_image","twitter_misc":{"\u01af\u1edbc t\u00ednh th\u1eddi gian \u0111\u1ecdc":"2 ph\u00fat"},"schema":{"@context":"https:\/\/schema.org","@graph":[{"@type":"WebPage","@id":"https:\/\/afusion.ai\/about-us\/","url":"https:\/\/afusion.ai\/about-us\/","name":"About Us - afusion","isPartOf":{"@id":"https:\/\/afusion.ai\/en\/#website"},"primaryImageOfPage":{"@id":"https:\/\/afusion.ai\/about-us\/#primaryimage"},"image":{"@id":"https:\/\/afusion.ai\/about-us\/#primaryimage"},"thumbnailUrl":"https:\/\/afusion.ai\/wp-content\/uploads\/2024\/06\/AFusion-Logo-GREEN.png","datePublished":"2019-10-23T12:28:31+00:00","dateModified":"2025-10-01T08:59:02+00:00","breadcrumb":{"@id":"https:\/\/afusion.ai\/about-us\/#breadcrumb"},"inLanguage":"vi","potentialAction":[{"@type":"ReadAction","target":["https:\/\/afusion.ai\/about-us\/"]}]},{"@type":"ImageObject","inLanguage":"vi","@id":"https:\/\/afusion.ai\/about-us\/#primaryimage","url":"https:\/\/afusion.ai\/wp-content\/uploads\/2024\/06\/AFusion-Logo-GREEN.png","contentUrl":"https:\/\/afusion.ai\/wp-content\/uploads\/2024\/06\/AFusion-Logo-GREEN.png"},{"@type":"BreadcrumbList","@id":"https:\/\/afusion.ai\/about-us\/#breadcrumb","itemListElement":[{"@type":"ListItem","position":1,"name":"Home","item":"https:\/\/afusion.ai\/"},{"@type":"ListItem","position":2,"name":"About Us"}]},{"@type":"WebSite","@id":"https:\/\/afusion.ai\/en\/#website","url":"https:\/\/afusion.ai\/en\/","name":"AFusion","description":"","publisher":{"@id":"https:\/\/afusion.ai\/en\/#organization"},"potentialAction":[{"@type":"SearchAction","target":{"@type":"EntryPoint","urlTemplate":"https:\/\/afusion.ai\/en\/?s={search_term_string}"},"query-input":"required name=search_term_string"}],"inLanguage":"vi"},{"@type":"Organization","@id":"https:\/\/afusion.ai\/en\/#organization","name":"AFusion","url":"https:\/\/afusion.ai\/en\/","logo":{"@type":"ImageObject","inLanguage":"vi","@id":"https:\/\/afusion.ai\/en\/#\/schema\/logo\/image\/","url":"https:\/\/afusion.ai\/wp-content\/uploads\/2024\/07\/AFusion-Logo-WHITE.png","contentUrl":"https:\/\/afusion.ai\/wp-content\/uploads\/2024\/07\/AFusion-Logo-WHITE.png","width":3001,"height":1001,"caption":"AFusion"},"image":{"@id":"https:\/\/afusion.ai\/en\/#\/schema\/logo\/image\/"}}]}},"_links":{"self":[{"href":"https:\/\/afusion.ai\/vi\/wp-json\/wp\/v2\/pages\/6440"}],"collection":[{"href":"https:\/\/afusion.ai\/vi\/wp-json\/wp\/v2\/pages"}],"about":[{"href":"https:\/\/afusion.ai\/vi\/wp-json\/wp\/v2\/types\/page"}],"author":[{"embeddable":true,"href":"https:\/\/afusion.ai\/vi\/wp-json\/wp\/v2\/users\/1"}],"replies":[{"embeddable":true,"href":"https:\/\/afusion.ai\/vi\/wp-json\/wp\/v2\/comments?post=6440"}],"version-history":[{"count":35,"href":"https:\/\/afusion.ai\/vi\/wp-json\/wp\/v2\/pages\/6440\/revisions"}],"predecessor-version":[{"id":14530,"href":"https:\/\/afusion.ai\/vi\/wp-json\/wp\/v2\/pages\/6440\/revisions\/14530"}],"wp:attachment":[{"href":"https:\/\/afusion.ai\/vi\/wp-json\/wp\/v2\/media?parent=6440"}],"curies":[{"name":"wp","href":"https:\/\/api.w.org\/{rel}","templated":true}]}}